{"id":1484,"date":"2023-12-18T09:13:01","date_gmt":"2023-12-18T07:13:01","guid":{"rendered":"http:\/\/assetmanagementcorp.net\/?page_id=1484"},"modified":"2024-01-09T11:07:42","modified_gmt":"2024-01-09T09:07:42","slug":"agriculture","status":"publish","type":"page","link":"https:\/\/assetmanagementcorp.net\/ro\/projects\/agriculture\/","title":{"rendered":"Agricultur\u0103"},"content":{"rendered":"<div data-elementor-type=\"wp-page\" data-elementor-id=\"1484\" class=\"elementor elementor-1484\">\n\t\t\t\t\t\t\t<div class=\"elementor-element elementor-element-3d248a2 e-con-full e-flex e-con e-parent\" data-id=\"3d248a2\" data-element_type=\"container\" data-settings=\"{&quot;content_width&quot;:&quot;full&quot;}\" data-core-v316-plus=\"true\">\n\t\t\t\t<div class=\"elementor-element elementor-element-c4a2b23 elementor-widget elementor-widget-shortcode\" data-id=\"c4a2b23\" data-element_type=\"widget\" data-widget_type=\"shortcode.default\">\n\t\t\t\t<div class=\"elementor-widget-container\">\n\t\t\t\t\t<div class=\"elementor-shortcode\">\n\t\t\t<!-- START Agriculture slide REVOLUTION SLIDER 6.6.19 --><p class=\"rs-p-wp-fix\"><\/p>\n\t\t\t<rs-module-wrap id=\"rev_slider_49_1_wrapper\" data-source=\"gallery\" style=\"visibility:hidden;background:transparent;padding:0;\">\n\t\t\t\t<rs-module id=\"rev_slider_49_1\" class=\"rs-respect-topbar\" style=\"\" data-version=\"6.6.19\">\n\t\t\t\t\t<rs-slides style=\"overflow: hidden; position: absolute;\">\n\t\t\t\t\t\t<rs-slide style=\"position: absolute;\" data-key=\"rs-114\" data-title=\"Slide\" data-anim=\"ms:300ms;\" data-in=\"o:0;\" data-out=\"a:false;\">\n\t\t\t\t\t\t\t<img decoding=\"async\" src=\"\/\/assetmanagementcorp.net\/wp-content\/plugins\/revslider\/public\/assets\/assets\/dummy.png\" alt=\"Slide\" title=\"Agricultur\u0103\" class=\"rev-slidebg tp-rs-img rs-lazyload\" data-lazyload=\"\/\/assetmanagementcorp.net\/wp-content\/plugins\/revslider\/public\/assets\/assets\/transparent.png\" data-bg=\"c:linear-gradient(130deg, rgba(29,130,183,1) 0%, rgba(5,61,122,1) 30%, rgba(12,28,59,1) 65%, rgba(1,10,38,1) 100%);\" data-parallax=\"off\" data-no-retina>\n<!--\n\t\t\t\t\t\t\t--><rs-group\n\t\t\t\t\t\t\t\tid=\"slider-49-slide-114-layer-0\" \n\t\t\t\t\t\t\t\tdata-type=\"group\"\n\t\t\t\t\t\t\t\tdata-rsp_ch=\"on\"\n\t\t\t\t\t\t\t\tdata-xy=\"xo:7px,5px,3px,0;y:m,m,m,t;yo:-2px,-1px,0,260px;\"\n\t\t\t\t\t\t\t\tdata-text=\"w:normal;s:20,16,12,7;l:0,20,15,9;a:left,left,left,center;\"\n\t\t\t\t\t\t\t\tdata-dim=\"w:65%,65%,65%,100%;\"\n\t\t\t\t\t\t\t\tdata-frame_0=\"o:1;\"\n\t\t\t\t\t\t\t\tdata-frame_999=\"o:0;st:w;sR:8700;sA:9000;\"\n\t\t\t\t\t\t\t\tstyle=\"z-index:11;\"\n\t\t\t\t\t\t\t><!--\n\t\t\t\t\t\t\t\t--><rs-layer\n\t\t\t\t\t\t\t\t\tid=\"slider-49-slide-114-layer-18\" \n\t\t\t\t\t\t\t\t\tdata-type=\"shape\"\n\t\t\t\t\t\t\t\t\tdata-rsp_ch=\"on\"\n\t\t\t\t\t\t\t\t\tdata-xy=\"x:l,l,l,c;xo:3px,2px,1px,0;yo:305px,251px,190px,117px;\"\n\t\t\t\t\t\t\t\t\tdata-pos=\"a\"\n\t\t\t\t\t\t\t\t\tdata-text=\"w:normal;s:20,16,12,7;l:0,20,15,9;\"\n\t\t\t\t\t\t\t\t\tdata-dim=\"w:485px,400px,303px,186px;h:10px,8px,6px,3px;\"\n\t\t\t\t\t\t\t\t\tdata-clip=\"u:true;\"\n\t\t\t\t\t\t\t\t\tdata-frame_0=\"x:0%;o:1;cp:0%;\"\n\t\t\t\t\t\t\t\t\tdata-frame_1=\"e:power4.inOut;st:300;sp:1000;sR:300;\"\n\t\t\t\t\t\t\t\t\tdata-frame_999=\"o:0;st:w;sR:7700;\"\n\t\t\t\t\t\t\t\t\tstyle=\"z-index:10;background:linear-gradient(90deg, rgba(9,237,36,1) 0%, rgba(255,255,255,1) 100%);\"\n\t\t\t\t\t\t\t\t> \n\t\t\t\t\t\t\t\t<\/rs-layer><!--\n\n\t\t\t\t\t\t\t\t--><rs-layer\n\t\t\t\t\t\t\t\t\tid=\"slider-49-slide-114-layer-5\" \n\t\t\t\t\t\t\t\t\tdata-type=\"text\"\n\t\t\t\t\t\t\t\t\tdata-rsp_ch=\"on\"\n\t\t\t\t\t\t\t\t\tdata-xy=\"y:m;\"\n\t\t\t\t\t\t\t\t\tdata-pos=\"r\"\n\t\t\t\t\t\t\t\t\tdata-text=\"w:normal;s:130,107,81,49;l:180,148,112,69;fw:700;a:left,left,left,center;\"\n\t\t\t\t\t\t\t\t\tdata-padding=\"b:20,17,13,8;\"\n\t\t\t\t\t\t\t\t\tdata-frame_0=\"o:1;\"\n\t\t\t\t\t\t\t\t\tdata-frame_0_lines=\"d:5;x:cyc(-20|20);o:0;\"\n\t\t\t\t\t\t\t\t\tdata-frame_1=\"e:power4.out;sp:1000;\"\n\t\t\t\t\t\t\t\t\tdata-frame_1_lines=\"d:10;\"\n\t\t\t\t\t\t\t\t\tdata-frame_999=\"o:0;st:w;sR:7700;\"\n\t\t\t\t\t\t\t\t\tstyle=\"z-index:9;font-family:'Playfair Display SC';\"\n\t\t\t\t\t\t\t\t>Agricultur\u0103 \n\t\t\t\t\t\t\t\t<\/rs-layer><!--\n\n\t\t\t\t\t\t\t\t--><rs-layer\n\t\t\t\t\t\t\t\t\tid=\"slider-49-slide-114-layer-1\" \n\t\t\t\t\t\t\t\t\tdata-type=\"text\"\n\t\t\t\t\t\t\t\t\tdata-color=\"rgba(255, 255, 255, 0.7)\"\n\t\t\t\t\t\t\t\t\tdata-rsp_ch=\"on\"\n\t\t\t\t\t\t\t\t\tdata-xy=\"y:m;\"\n\t\t\t\t\t\t\t\t\tdata-pos=\"r\"\n\t\t\t\t\t\t\t\t\tdata-text=\"w:normal;s:40,33,25,20;l:35,28,21,25;a:left,left,left,center;\"\n\t\t\t\t\t\t\t\t\tdata-margin=\"t:40,33,25,20;b:75,62,47,30;\"\n\t\t\t\t\t\t\t\t\tdata-padding=\"r:200,165,125,30;l:0,0,0,30;\"\n\t\t\t\t\t\t\t\t\tdata-frame_1=\"st:500;sp:1000;sR:500;\"\n\t\t\t\t\t\t\t\t\tdata-frame_999=\"o:0;st:w;sR:7500;\"\n\t\t\t\t\t\t\t\t\tstyle=\"z-index:8;font-family:'Playfair Display';\"\n\t\t\t\t\t\t\t\t>Ranch Mili - ser\u0103 de tomate \n\t\t\t\t\t\t\t\t<\/rs-layer><!--\n\n\t\t\t\t\t\t\t\t--><rs-group\n\t\t\t\t\t\t\t\t\tid=\"slider-49-slide-114-layer-10\" \n\t\t\t\t\t\t\t\t\tdata-type=\"group\"\n\t\t\t\t\t\t\t\t\tdata-rsp_ch=\"on\"\n\t\t\t\t\t\t\t\t\tdata-xy=\"xo:256px,211px,160px,98px;yo:457px,377px,286px,176px;\"\n\t\t\t\t\t\t\t\t\tdata-pos=\"r\"\n\t\t\t\t\t\t\t\t\tdata-text=\"w:normal;s:20,16,12,7;l:0,20,15,9;\"\n\t\t\t\t\t\t\t\t\tdata-dim=\"w:170px,140px,106px,120px;\"\n\t\t\t\t\t\t\t\t\tdata-disp=\"inline-block\"\n\t\t\t\t\t\t\t\t\tdata-border=\"bos:solid;boc:rgba(255, 255, 255, 0.25);bow:0,0px,0,2px;\"\n\t\t\t\t\t\t\t\t\tdata-frame_0=\"sX:1.5;sY:1.5;\"\n\t\t\t\t\t\t\t\t\tdata-frame_1=\"st:1000;sp:1000;sR:1000;\"\n\t\t\t\t\t\t\t\t\tdata-frame_999=\"o:0;st:w;sR:7000;sA:9000;\"\n\t\t\t\t\t\t\t\t\tstyle=\"z-index:7;display:inline-block;\"\n\t\t\t\t\t\t\t\t><!--\n\t\t\t\t\t\t\t\t\t--><rs-layer\n\t\t\t\t\t\t\t\t\t\tid=\"slider-49-slide-114-layer-11\" \n\t\t\t\t\t\t\t\t\t\tdata-type=\"text\"\n\t\t\t\t\t\t\t\t\t\tdata-rsp_ch=\"on\"\n\t\t\t\t\t\t\t\t\t\tdata-xy=\"xo:218px,180px,136px,83px;yo:602px,497px,377px,232px;\"\n\t\t\t\t\t\t\t\t\t\tdata-pos=\"r\"\n\t\t\t\t\t\t\t\t\t\tdata-text=\"w:normal;s:50,41,31,30;l:50,41,31,30;fw:700;\"\n\t\t\t\t\t\t\t\t\t\tdata-padding=\"l:20,17,13,10;\"\n\t\t\t\t\t\t\t\t\t\tdata-frame_999=\"o:0;st:w;sR:8700;\"\n\t\t\t\t\t\t\t\t\t\tstyle=\"z-index:7;font-family:'Playfair Display';\"\n\t\t\t\t\t\t\t\t\t>10+ \n\t\t\t\t\t\t\t\t\t<\/rs-layer><!--\n\n\t\t\t\t\t\t\t\t\t--><rs-layer\n\t\t\t\t\t\t\t\t\t\tid=\"slider-49-slide-114-layer-12\" \n\t\t\t\t\t\t\t\t\t\tdata-type=\"text\"\n\t\t\t\t\t\t\t\t\t\tdata-color=\"rgba(255, 255, 255, 0.7)\"\n\t\t\t\t\t\t\t\t\t\tdata-rsp_ch=\"on\"\n\t\t\t\t\t\t\t\t\t\tdata-xy=\"xo:218px,180px,136px,83px;yo:602px,497px,377px,232px;\"\n\t\t\t\t\t\t\t\t\t\tdata-pos=\"r\"\n\t\t\t\t\t\t\t\t\t\tdata-text=\"w:normal;s:20,16,12,17;l:20,16,12,15;\"\n\t\t\t\t\t\t\t\t\t\tdata-margin=\"t:5,4,3,2;\"\n\t\t\t\t\t\t\t\t\t\tdata-padding=\"l:20,17,13,10;\"\n\t\t\t\t\t\t\t\t\t\tdata-frame_999=\"o:0;st:w;sR:8700;\"\n\t\t\t\t\t\t\t\t\t\tstyle=\"z-index:6;font-family:'Playfair Display';\"\n\t\t\t\t\t\t\t\t\t>Lorem ipsum \n\t\t\t\t\t\t\t\t\t<\/rs-layer><!--\n\t\t\t\t\t\t\t\t--><\/rs-group><!--\n\n\t\t\t\t\t\t\t\t--><rs-group\n\t\t\t\t\t\t\t\t\tid=\"slider-49-slide-114-layer-9\" \n\t\t\t\t\t\t\t\t\tdata-type=\"group\"\n\t\t\t\t\t\t\t\t\tdata-rsp_ch=\"on\"\n\t\t\t\t\t\t\t\t\tdata-xy=\"xo:256px,211px,160px,98px;yo:457px,377px,286px,176px;\"\n\t\t\t\t\t\t\t\t\tdata-pos=\"r\"\n\t\t\t\t\t\t\t\t\tdata-text=\"w:normal;s:20,16,12,7;l:0,20,15,9;\"\n\t\t\t\t\t\t\t\t\tdata-dim=\"w:170px,140px,106px,120px;\"\n\t\t\t\t\t\t\t\t\tdata-disp=\"inline-block\"\n\t\t\t\t\t\t\t\t\tdata-border=\"bos:solid;boc:rgba(255, 255, 255, 0.25);bow:0,0,0,2px;\"\n\t\t\t\t\t\t\t\t\tdata-frame_0=\"sX:1.5;sY:1.5;\"\n\t\t\t\t\t\t\t\t\tdata-frame_1=\"st:1100;sp:1000;sR:1100;\"\n\t\t\t\t\t\t\t\t\tdata-frame_999=\"o:0;st:w;sR:6900;sA:9000;\"\n\t\t\t\t\t\t\t\t\tstyle=\"z-index:6;display:inline-block;\"\n\t\t\t\t\t\t\t\t><!--\n\t\t\t\t\t\t\t\t\t--><rs-layer\n\t\t\t\t\t\t\t\t\t\tid=\"slider-49-slide-114-layer-6\" \n\t\t\t\t\t\t\t\t\t\tdata-type=\"text\"\n\t\t\t\t\t\t\t\t\t\tdata-rsp_ch=\"on\"\n\t\t\t\t\t\t\t\t\t\tdata-xy=\"xo:218px,180px,136px,83px;yo:602px,497px,377px,232px;\"\n\t\t\t\t\t\t\t\t\t\tdata-pos=\"r\"\n\t\t\t\t\t\t\t\t\t\tdata-text=\"w:normal;s:50,41,31,30;l:50,41,31,30;fw:700;\"\n\t\t\t\t\t\t\t\t\t\tdata-padding=\"l:20,17,13,10;\"\n\t\t\t\t\t\t\t\t\t\tdata-frame_999=\"o:0;st:w;sR:8700;\"\n\t\t\t\t\t\t\t\t\t\tstyle=\"z-index:7;font-family:'Playfair Display';\"\n\t\t\t\t\t\t\t\t\t>200+ \n\t\t\t\t\t\t\t\t\t<\/rs-layer><!--\n\n\t\t\t\t\t\t\t\t\t--><rs-layer\n\t\t\t\t\t\t\t\t\t\tid=\"slider-49-slide-114-layer-8\" \n\t\t\t\t\t\t\t\t\t\tdata-type=\"text\"\n\t\t\t\t\t\t\t\t\t\tdata-color=\"rgba(255, 255, 255, 0.7)\"\n\t\t\t\t\t\t\t\t\t\tdata-rsp_ch=\"on\"\n\t\t\t\t\t\t\t\t\t\tdata-xy=\"xo:218px,180px,136px,83px;yo:602px,497px,377px,232px;\"\n\t\t\t\t\t\t\t\t\t\tdata-pos=\"r\"\n\t\t\t\t\t\t\t\t\t\tdata-text=\"w:normal;s:20,16,12,17;l:20,16,12,15;\"\n\t\t\t\t\t\t\t\t\t\tdata-margin=\"t:5,4,3,2;\"\n\t\t\t\t\t\t\t\t\t\tdata-padding=\"l:20,17,13,10;\"\n\t\t\t\t\t\t\t\t\t\tdata-frame_999=\"o:0;st:w;sR:8700;\"\n\t\t\t\t\t\t\t\t\t\tstyle=\"z-index:6;font-family:'Playfair Display';\"\n\t\t\t\t\t\t\t\t\t>Lorem ipsum \n\t\t\t\t\t\t\t\t\t<\/rs-layer><!--\n\t\t\t\t\t\t\t\t--><\/rs-group><!--\n\t\t\t\t\t\t\t--><\/rs-group><!--\n\n\t\t\t\t\t\t\t--><rs-layer\n\t\t\t\t\t\t\t\tid=\"slider-49-slide-114-layer-3\" \n\t\t\t\t\t\t\t\tclass=\"rs-pxl-1\"\n\t\t\t\t\t\t\t\tdata-type=\"shape\"\n\t\t\t\t\t\t\t\tdata-rsp_ch=\"on\"\n\t\t\t\t\t\t\t\tdata-xy=\"x:r;xo:-850px,-701px,-532px,-328px;y:m;yo:-50px,-41px,-31px,-19px;\"\n\t\t\t\t\t\t\t\tdata-text=\"w:normal;s:20,16,12,7;l:0,20,15,9;\"\n\t\t\t\t\t\t\t\tdata-dim=\"w:1500px,1238px,940px,579px;h:1500px,1238px,940px,579px;\"\n\t\t\t\t\t\t\t\tdata-basealign=\"slide\"\n\t\t\t\t\t\t\t\tdata-frame_0=\"x:100px,82px,62px,38px;\"\n\t\t\t\t\t\t\t\tdata-frame_1=\"sp:1000;\"\n\t\t\t\t\t\t\t\tdata-frame_999=\"o:0;st:w;sR:8000;\"\n\t\t\t\t\t\t\t\tstyle=\"z-index:9;background:radial-gradient(ellipse at center, rgba(83,173,90,1) 0%, rgba(84,173,90,0.99) 4.67%, rgba(88,173,90,0.96) 9.34%, rgba(95,173,91,0.9) 14.01%, rgba(104,172,91,0.83) 18.68%, rgba(114,172,92,0.75) 23.35%, rgba(126,172,92,0.65) 28.02%, rgba(138,172,93,0.55) 32.69%, rgba(151,171,93,0.45) 37.36%, rgba(163,171,94,0.35) 42.03%, rgba(175,171,95,0.25) 46.70%, rgba(185,171,95,0.17) 51.37%, rgba(194,170,95,0.1) 56.04%, rgba(201,170,96,0.04) 60.71%, rgba(205,170,96,0.01) 65.38%, rgba(206,170,96,0) 70%, rgba(206,170,96,0) 70.67%, rgba(207,170,96,0) 71.34%, rgba(208,170,96,0) 72.01%, rgba(209,170,96,0) 72.68%, rgba(211,170,96,0) 73.35%, rgba(212,170,96,0) 74.02%, rgba(214,170,96,0) 74.69%, rgba(216,170,97,0) 75.36%, rgba(218,170,97,0) 76.03%, rgba(220,170,97,0) 76.70%, rgba(221,170,97,0) 77.37%, rgba(222,170,97,0) 78.04%, rgba(223,170,97,0) 78.71%, rgba(224,170,97,0) 79.38%, rgba(224,170,97,0) 80%);\"\n\t\t\t\t\t\t\t> \n\t\t\t\t\t\t\t<\/rs-layer><!--\n\n\t\t\t\t\t\t\t--><rs-layer\n\t\t\t\t\t\t\t\tid=\"slider-49-slide-114-layer-4\" \n\t\t\t\t\t\t\t\tclass=\"rs-pxl-2\"\n\t\t\t\t\t\t\t\tdata-type=\"shape\"\n\t\t\t\t\t\t\t\tdata-rsp_ch=\"on\"\n\t\t\t\t\t\t\t\tdata-xy=\"x:c;y:m;yo:500px,412px,313px,193px;\"\n\t\t\t\t\t\t\t\tdata-text=\"w:normal;s:20,16,12,7;l:0,20,15,9;\"\n\t\t\t\t\t\t\t\tdata-dim=\"w:1200px,990px,752px,463px;h:1200px,990px,752px,463px;\"\n\t\t\t\t\t\t\t\tdata-frame_0=\"y:100px,82px,62px,38px;\"\n\t\t\t\t\t\t\t\tdata-frame_1=\"sp:1000;\"\n\t\t\t\t\t\t\t\tdata-frame_999=\"o:0;st:w;sR:8000;\"\n\t\t\t\t\t\t\t\tstyle=\"z-index:8;background:radial-gradient(ellipse at center, rgba(15,155,20,1) 0%, rgba(17,155,21,0.99) 4.67%, rgba(24,154,25,0.96) 9.34%, rgba(37,152,32,0.9) 14.01%, rgba(53,150,40,0.83) 18.68%, rgba(71,148,49,0.75) 23.35%, rgba(93,145,60,0.65) 28.02%, rgba(116,142,72,0.55) 32.69%, rgba(138,139,83,0.45) 37.36%, rgba(161,136,95,0.35) 42.03%, rgba(183,133,106,0.25) 46.70%, rgba(201,131,115,0.17) 51.37%, rgba(217,129,124,0.1) 56.04%, rgba(230,127,130,0.04) 60.71%, rgba(237,126,134,0.01) 65.38%, rgba(239,126,135,0) 70%, rgba(239,126,135,0) 70.33%, rgba(240,126,135,0) 70.66%, rgba(241,126,136,0) 70.99%, rgba(242,126,136,0) 71.32%, rgba(243,126,137,0) 71.65%, rgba(245,125,138,0) 71.98%, rgba(246,125,139,0) 72.31%, rgba(248,125,139,0) 72.64%, rgba(249,125,140,0) 72.97%, rgba(251,125,141,0) 73.30%, rgba(252,124,142,0) 73.63%, rgba(253,124,142,0) 73.96%, rgba(254,124,143,0) 74.29%, rgba(255,124,143,0) 74.62%, rgba(255,124,143,0) 75%);\"\n\t\t\t\t\t\t\t> \n\t\t\t\t\t\t\t<\/rs-layer><!--\n\n\t\t\t\t\t\t\t--><rs-layer\n\t\t\t\t\t\t\t\tid=\"slider-49-slide-114-layer-7\" \n\t\t\t\t\t\t\t\tclass=\"rs-pxl-1\"\n\t\t\t\t\t\t\t\tdata-type=\"shape\"\n\t\t\t\t\t\t\t\tdata-rsp_ch=\"on\"\n\t\t\t\t\t\t\t\tdata-xy=\"xo:-502px,-414px,-314px,-193px;yo:-311px,-256px,-194px,-119px;\"\n\t\t\t\t\t\t\t\tdata-text=\"w:normal;s:20,16,12,7;l:0,20,15,9;\"\n\t\t\t\t\t\t\t\tdata-dim=\"w:839px,692px,525px,323px;h:1500px,1238px,940px,579px;\"\n\t\t\t\t\t\t\t\tdata-basealign=\"slide\"\n\t\t\t\t\t\t\t\tdata-frame_0=\"x:100px,82px,62px,38px;\"\n\t\t\t\t\t\t\t\tdata-frame_1=\"sp:1000;\"\n\t\t\t\t\t\t\t\tdata-frame_999=\"o:0;st:w;sR:8000;\"\n\t\t\t\t\t\t\t\tstyle=\"z-index:6;background:radial-gradient(ellipse at center, rgba(83,173,90,1) 0%, rgba(84,173,90,0.99) 4.67%, rgba(88,173,90,0.96) 9.34%, rgba(95,173,91,0.9) 14.01%, rgba(104,172,91,0.83) 18.68%, rgba(114,172,92,0.75) 23.35%, rgba(126,172,92,0.65) 28.02%, rgba(138,172,93,0.55) 32.69%, rgba(151,171,93,0.45) 37.36%, rgba(163,171,94,0.35) 42.03%, rgba(175,171,95,0.25) 46.70%, rgba(185,171,95,0.17) 51.37%, rgba(194,170,95,0.1) 56.04%, rgba(201,170,96,0.04) 60.71%, rgba(205,170,96,0.01) 65.38%, rgba(206,170,96,0) 70%, rgba(206,170,96,0) 70.67%, rgba(207,170,96,0) 71.34%, rgba(208,170,96,0) 72.01%, rgba(209,170,96,0) 72.68%, rgba(211,170,96,0) 73.35%, rgba(212,170,96,0) 74.02%, rgba(214,170,96,0) 74.69%, rgba(216,170,97,0) 75.36%, rgba(218,170,97,0) 76.03%, rgba(220,170,97,0) 76.70%, rgba(221,170,97,0) 77.37%, rgba(222,170,97,0) 78.04%, rgba(223,170,97,0) 78.71%, rgba(224,170,97,0) 79.38%, rgba(224,170,97,0) 80%);\"\n\t\t\t\t\t\t\t> \n\t\t\t\t\t\t\t<\/rs-layer><!--\n\n\t\t\t\t\t\t\t--><rs-layer\n\t\t\t\t\t\t\t\tid=\"slider-49-slide-114-layer-16\" \n\t\t\t\t\t\t\t\tdata-type=\"shape\"\n\t\t\t\t\t\t\t\tdata-rsp_ch=\"on\"\n\t\t\t\t\t\t\t\tdata-xy=\"x:c;xo:-3px,-2px,-1px,0;y:m;yo:-1px,0,0,0;\"\n\t\t\t\t\t\t\t\tdata-text=\"w:normal;s:20,16,12,7;l:0,20,15,9;\"\n\t\t\t\t\t\t\t\tdata-dim=\"w:100%;h:100%;\"\n\t\t\t\t\t\t\t\tdata-basealign=\"slide\"\n\t\t\t\t\t\t\t\tdata-blendmode=\"overlay\"\n\t\t\t\t\t\t\t\tdata-frame_1=\"sp:1000;\"\n\t\t\t\t\t\t\t\tdata-frame_999=\"o:0;st:w;sR:8000;\"\n\t\t\t\t\t\t\t\tstyle=\"z-index:10;background:linear-gradient(330deg, rgba(12,28,59,1) 0%, rgba(14,29,60,0.99) 3.33%, rgba(21,31,62,0.96) 6.66%, rgba(34,37,67,0.9) 9.99%, rgba(50,43,72,0.83) 13.32%, rgba(67,50,78,0.75) 16.65%, rgba(89,58,86,0.65) 19.98%, rgba(111,67,93,0.55) 23.31%, rgba(134,76,101,0.45) 26.64%, rgba(156,85,108,0.35) 29.97%, rgba(178,93,116,0.25) 33.30%, rgba(195,100,122,0.17) 36.63%, rgba(211,106,127,0.1) 39.96%, rgba(224,112,132,0.04) 43.29%, rgba(231,114,134,0.01) 46.62%, rgba(233,115,135,0) 50%, rgba(233,115,135,0) 50.33%, rgba(234,115,135,0) 50.66%, rgba(235,116,136,0) 50.99%, rgba(237,117,136,0) 51.32%, rgba(239,117,137,0) 51.65%, rgba(241,118,138,0) 51.98%, rgba(243,119,139,0) 52.31%, rgba(245,120,139,0) 52.64%, rgba(247,121,140,0) 52.97%, rgba(250,122,141,0) 53.30%, rgba(251,122,142,0) 53.63%, rgba(253,123,142,0) 53.96%, rgba(254,124,143,0) 54.29%, rgba(255,124,143,0) 54.62%, rgba(255,124,143,0) 55%);\"\n\t\t\t\t\t\t\t><rs-bg-elem style=\"background: url('\/\/assetmanagementcorp.net\/wp-content\/uploads\/2024\/01\/Untitled-design-5.png') no-repeat center center; background-size: cover;\"><\/rs-bg-elem>\n \n\t\t\t\t\t\t\t<\/rs-layer><!--\n\n\t\t\t\t\t\t\t--><rs-layer\n\t\t\t\t\t\t\t\tid=\"slider-49-slide-114-layer-17\" \n\t\t\t\t\t\t\t\tclass=\"rev-btn\"\n\t\t\t\t\t\t\t\tdata-type=\"button\"\n\t\t\t\t\t\t\t\tdata-rsp_ch=\"on\"\n\t\t\t\t\t\t\t\tdata-xy=\"x:l,l,l,c;y:m,m,m,t;yo:395px,326px,247px,620px;\"\n\t\t\t\t\t\t\t\tdata-text=\"w:normal;s:30,24,18,25;l:60,49,37,35;\"\n\t\t\t\t\t\t\t\tdata-dim=\"w:649px,535px,406px,250px;h:121.6px,99px,75px,46px;minh:0px,none,none,none;\"\n\t\t\t\t\t\t\t\tdata-actions='o:click;a:scrollbelow;sp:1000ms;e:power1.inOut;'\n\t\t\t\t\t\t\t\tdata-border=\"bos:solid;boc:rgba(255, 255, 255, 0.25);bow:0,0,2px,0;\"\n\t\t\t\t\t\t\t\tdata-frame_0=\"sX:2;sY:2;\"\n\t\t\t\t\t\t\t\tdata-frame_1=\"st:1500;sp:1000;sR:1500;\"\n\t\t\t\t\t\t\t\tdata-frame_999=\"o:0;st:w;sR:6500;\"\n\t\t\t\t\t\t\t\tdata-frame_hover=\"sX:1.1;sY:1.1;c:#fff;boc:#fff;bor:0px,0px,0px,0px;bos:solid;bow:0,0,2px,0;e:power1.inOut;\"\n\t\t\t\t\t\t\t\tstyle=\"z-index:12;font-family:'Playfair Display';\"\n\t\t\t\t\t\t\t>Programeaz\u0103 o \u00eent\u00e2lnire! \n\t\t\t\t\t\t\t<\/rs-layer><!--\n\n\t\t\t\t\t\t\t--><rs-layer\n\t\t\t\t\t\t\t\tid=\"slider-49-slide-114-layer-19\" \n\t\t\t\t\t\t\t\tclass=\"rs-pxl-5\"\n\t\t\t\t\t\t\t\tdata-type=\"shape\"\n\t\t\t\t\t\t\t\tdata-rsp_ch=\"on\"\n\t\t\t\t\t\t\t\tdata-xy=\"xo:-650px,-536px,-407px,-251px;yo:-650px,-536px,-407px,-251px;\"\n\t\t\t\t\t\t\t\tdata-text=\"w:normal;s:20,16,12,7;l:0,20,15,9;\"\n\t\t\t\t\t\t\t\tdata-dim=\"w:1200px,990px,752px,463px;h:1200px,990px,752px,463px;\"\n\t\t\t\t\t\t\t\tdata-frame_0=\"y:100px,82px,62px,38px;\"\n\t\t\t\t\t\t\t\tdata-frame_1=\"sp:1000;\"\n\t\t\t\t\t\t\t\tdata-frame_999=\"o:0;st:w;sR:8000;\"\n\t\t\t\t\t\t\t\tstyle=\"z-index:7;background:radial-gradient(ellipse at center, rgba(29,130,183,1) 0%, rgba(29,130,183,0.99) 4.67%, rgba(29,130,183,0.96) 9.34%, rgba(29,130,183,0.9) 14.01%, rgba(29,130,183,0.83) 18.68%, rgba(29,130,183,0.75) 23.35%, rgba(29,130,183,0.65) 28.02%, rgba(29,130,183,0.55) 32.69%, rgba(29,130,183,0.45) 37.36%, rgba(29,130,183,0.35) 42.03%, rgba(29,130,183,0.25) 46.70%, rgba(29,130,183,0.17) 51.37%, rgba(29,130,183,0.1) 56.04%, rgba(29,130,183,0.04) 60.71%, rgba(29,130,183,0.01) 65.38%, rgba(29,130,183,0) 70%, rgba(29,130,183,0) 70.33%, rgba(29,130,183,0) 70.66%, rgba(29,130,183,0) 70.99%, rgba(29,130,183,0) 71.32%, rgba(29,130,183,0) 71.65%, rgba(29,130,183,0) 71.98%, rgba(29,130,183,0) 72.31%, rgba(29,130,183,0) 72.64%, rgba(29,130,183,0) 72.97%, rgba(29,130,183,0) 73.30%, rgba(29,130,183,0) 73.63%, rgba(29,130,183,0) 73.96%, rgba(29,130,183,0) 74.29%, rgba(29,130,183,0) 74.62%, rgba(29,130,183,0) 75%);\"\n\t\t\t\t\t\t\t> \n\t\t\t\t\t\t\t<\/rs-layer><!--\n-->\t\t\t\t\t\t<\/rs-slide>\n\t\t\t\t\t<\/rs-slides>\n\t\t\t\t<\/rs-module>\n\t\t\t\t<script>\n\t\t\t\t\tsetREVStartSize({c: 'rev_slider_49_1',rl:[1240,1024,778,480],el:[900,768,960,720],gw:[1240,1024,778,480],gh:[900,768,960,720],type:'standard',justify:'',layout:'fullscreen',offsetContainer:'#masthead',offset:'',mh:\"0\"});if (window.RS_MODULES!==undefined && window.RS_MODULES.modules!==undefined && window.RS_MODULES.modules[\"revslider491\"]!==undefined) {window.RS_MODULES.modules[\"revslider491\"].once = false;window.revapi49 = undefined;if (window.RS_MODULES.checkMinimal!==undefined) window.RS_MODULES.checkMinimal()}\n\t\t\t\t<\/script>\n\t\t\t<\/rs-module-wrap>\n\t\t\t<!-- END REVOLUTION SLIDER -->\n<\/div>\n\t\t\t\t<\/div>\n\t\t\t\t<\/div>\n\t\t\t\t<\/div>\n\t\t\t\t\t\t\t<\/div>","protected":false},"excerpt":{"rendered":"","protected":false},"author":4,"featured_media":0,"parent":434,"menu_order":0,"comment_status":"closed","ping_status":"closed","template":"","meta":{"footnotes":""},"yoast_head":"<!-- This site is optimized with the Yoast SEO plugin v22.6 - https:\/\/yoast.com\/wordpress\/plugins\/seo\/ -->\n<title>Agriculture - Asset Management Corporation<\/title>\n<meta name=\"robots\" content=\"index, follow, max-snippet:-1, max-image-preview:large, max-video-preview:-1\" \/>\n<link rel=\"canonical\" href=\"https:\/\/assetmanagementcorp.net\/ro\/projects\/agriculture\/\" \/>\n<meta property=\"og:locale\" content=\"ro_RO\" \/>\n<meta property=\"og:type\" content=\"article\" \/>\n<meta property=\"og:title\" content=\"Agriculture - Asset Management Corporation\" \/>\n<meta property=\"og:url\" content=\"https:\/\/assetmanagementcorp.net\/ro\/projects\/agriculture\/\" \/>\n<meta property=\"og:site_name\" content=\"Asset Management Corporation\" \/>\n<meta property=\"article:publisher\" content=\"https:\/\/www.facebook.com\/AssetManagementCorporation\" \/>\n<meta property=\"article:modified_time\" content=\"2024-01-09T09:07:42+00:00\" \/>\n<meta property=\"og:image\" content=\"https:\/\/assetmanagementcorp.net\/wp-content\/uploads\/2023\/12\/amcorpfinal.png\" \/>\n\t<meta property=\"og:image:width\" content=\"3626\" \/>\n\t<meta property=\"og:image:height\" content=\"2598\" \/>\n\t<meta property=\"og:image:type\" content=\"image\/png\" \/>\n<meta name=\"twitter:card\" content=\"summary_large_image\" \/>\n<script type=\"application\/ld+json\" class=\"yoast-schema-graph\">{\"@context\":\"https:\/\/schema.org\",\"@graph\":[{\"@type\":\"WebPage\",\"@id\":\"https:\/\/assetmanagementcorp.net\/projects\/agriculture\/\",\"url\":\"https:\/\/assetmanagementcorp.net\/projects\/agriculture\/\",\"name\":\"Agriculture - Asset Management Corporation\",\"isPartOf\":{\"@id\":\"https:\/\/assetmanagementcorp.net\/#website\"},\"datePublished\":\"2023-12-18T07:13:01+00:00\",\"dateModified\":\"2024-01-09T09:07:42+00:00\",\"breadcrumb\":{\"@id\":\"https:\/\/assetmanagementcorp.net\/projects\/agriculture\/#breadcrumb\"},\"inLanguage\":\"ro-RO\",\"potentialAction\":[{\"@type\":\"ReadAction\",\"target\":[\"https:\/\/assetmanagementcorp.net\/projects\/agriculture\/\"]}]},{\"@type\":\"BreadcrumbList\",\"@id\":\"https:\/\/assetmanagementcorp.net\/projects\/agriculture\/#breadcrumb\",\"itemListElement\":[{\"@type\":\"ListItem\",\"position\":1,\"name\":\"Home\",\"item\":\"https:\/\/assetmanagementcorp.net\/\"},{\"@type\":\"ListItem\",\"position\":2,\"name\":\"Projects\",\"item\":\"https:\/\/assetmanagementcorp.net\/projects\/\"},{\"@type\":\"ListItem\",\"position\":3,\"name\":\"Agriculture\"}]},{\"@type\":\"WebSite\",\"@id\":\"https:\/\/assetmanagementcorp.net\/#website\",\"url\":\"https:\/\/assetmanagementcorp.net\/\",\"name\":\"Asset Management Corporation\",\"description\":\"Enhancing the Future Together\",\"publisher\":{\"@id\":\"https:\/\/assetmanagementcorp.net\/#organization\"},\"alternateName\":\"Amcorp.ro\",\"potentialAction\":[{\"@type\":\"SearchAction\",\"target\":{\"@type\":\"EntryPoint\",\"urlTemplate\":\"https:\/\/assetmanagementcorp.net\/?s={search_term_string}\"},\"query-input\":\"required name=search_term_string\"}],\"inLanguage\":\"ro-RO\"},{\"@type\":\"Organization\",\"@id\":\"https:\/\/assetmanagementcorp.net\/#organization\",\"name\":\"AmCorp\",\"alternateName\":\"Asset Management Corporation\",\"url\":\"https:\/\/assetmanagementcorp.net\/\",\"logo\":{\"@type\":\"ImageObject\",\"inLanguage\":\"ro-RO\",\"@id\":\"https:\/\/assetmanagementcorp.net\/#\/schema\/logo\/image\/\",\"url\":\"https:\/\/assetmanagementcorp.net\/wp-content\/uploads\/2023\/12\/logo.jpg\",\"contentUrl\":\"https:\/\/assetmanagementcorp.net\/wp-content\/uploads\/2023\/12\/logo.jpg\",\"width\":510,\"height\":900,\"caption\":\"AmCorp\"},\"image\":{\"@id\":\"https:\/\/assetmanagementcorp.net\/#\/schema\/logo\/image\/\"},\"sameAs\":[\"https:\/\/www.facebook.com\/AssetManagementCorporation\",\"https:\/\/www.linkedin.com\/company\/38106812\/\"]}]}<\/script>\n<!-- \/ Yoast SEO plugin. -->","yoast_head_json":{"title":"Agriculture - Asset Management Corporation","robots":{"index":"index","follow":"follow","max-snippet":"max-snippet:-1","max-image-preview":"max-image-preview:large","max-video-preview":"max-video-preview:-1"},"canonical":"https:\/\/assetmanagementcorp.net\/ro\/projects\/agriculture\/","og_locale":"ro_RO","og_type":"article","og_title":"Agriculture - Asset Management Corporation","og_url":"https:\/\/assetmanagementcorp.net\/ro\/projects\/agriculture\/","og_site_name":"Asset Management Corporation","article_publisher":"https:\/\/www.facebook.com\/AssetManagementCorporation","article_modified_time":"2024-01-09T09:07:42+00:00","og_image":[{"width":3626,"height":2598,"url":"https:\/\/assetmanagementcorp.net\/wp-content\/uploads\/2023\/12\/amcorpfinal.png","type":"image\/png"}],"twitter_card":"summary_large_image","schema":{"@context":"https:\/\/schema.org","@graph":[{"@type":"WebPage","@id":"https:\/\/assetmanagementcorp.net\/projects\/agriculture\/","url":"https:\/\/assetmanagementcorp.net\/projects\/agriculture\/","name":"Agriculture - Asset Management Corporation","isPartOf":{"@id":"https:\/\/assetmanagementcorp.net\/#website"},"datePublished":"2023-12-18T07:13:01+00:00","dateModified":"2024-01-09T09:07:42+00:00","breadcrumb":{"@id":"https:\/\/assetmanagementcorp.net\/projects\/agriculture\/#breadcrumb"},"inLanguage":"ro-RO","potentialAction":[{"@type":"ReadAction","target":["https:\/\/assetmanagementcorp.net\/projects\/agriculture\/"]}]},{"@type":"BreadcrumbList","@id":"https:\/\/assetmanagementcorp.net\/projects\/agriculture\/#breadcrumb","itemListElement":[{"@type":"ListItem","position":1,"name":"Home","item":"https:\/\/assetmanagementcorp.net\/"},{"@type":"ListItem","position":2,"name":"Projects","item":"https:\/\/assetmanagementcorp.net\/projects\/"},{"@type":"ListItem","position":3,"name":"Agriculture"}]},{"@type":"WebSite","@id":"https:\/\/assetmanagementcorp.net\/#website","url":"https:\/\/assetmanagementcorp.net\/","name":"Asset Management Corporation","description":"Enhancing the Future Together","publisher":{"@id":"https:\/\/assetmanagementcorp.net\/#organization"},"alternateName":"Amcorp.ro","potentialAction":[{"@type":"SearchAction","target":{"@type":"EntryPoint","urlTemplate":"https:\/\/assetmanagementcorp.net\/?s={search_term_string}"},"query-input":"required name=search_term_string"}],"inLanguage":"ro-RO"},{"@type":"Organization","@id":"https:\/\/assetmanagementcorp.net\/#organization","name":"AmCorp","alternateName":"Asset Management Corporation","url":"https:\/\/assetmanagementcorp.net\/","logo":{"@type":"ImageObject","inLanguage":"ro-RO","@id":"https:\/\/assetmanagementcorp.net\/#\/schema\/logo\/image\/","url":"https:\/\/assetmanagementcorp.net\/wp-content\/uploads\/2023\/12\/logo.jpg","contentUrl":"https:\/\/assetmanagementcorp.net\/wp-content\/uploads\/2023\/12\/logo.jpg","width":510,"height":900,"caption":"AmCorp"},"image":{"@id":"https:\/\/assetmanagementcorp.net\/#\/schema\/logo\/image\/"},"sameAs":["https:\/\/www.facebook.com\/AssetManagementCorporation","https:\/\/www.linkedin.com\/company\/38106812\/"]}]}},"_links":{"self":[{"href":"https:\/\/assetmanagementcorp.net\/ro\/wp-json\/wp\/v2\/pages\/1484"}],"collection":[{"href":"https:\/\/assetmanagementcorp.net\/ro\/wp-json\/wp\/v2\/pages"}],"about":[{"href":"https:\/\/assetmanagementcorp.net\/ro\/wp-json\/wp\/v2\/types\/page"}],"author":[{"embeddable":true,"href":"https:\/\/assetmanagementcorp.net\/ro\/wp-json\/wp\/v2\/users\/4"}],"replies":[{"embeddable":true,"href":"https:\/\/assetmanagementcorp.net\/ro\/wp-json\/wp\/v2\/comments?post=1484"}],"version-history":[{"count":19,"href":"https:\/\/assetmanagementcorp.net\/ro\/wp-json\/wp\/v2\/pages\/1484\/revisions"}],"predecessor-version":[{"id":2711,"href":"https:\/\/assetmanagementcorp.net\/ro\/wp-json\/wp\/v2\/pages\/1484\/revisions\/2711"}],"up":[{"embeddable":true,"href":"https:\/\/assetmanagementcorp.net\/ro\/wp-json\/wp\/v2\/pages\/434"}],"wp:attachment":[{"href":"https:\/\/assetmanagementcorp.net\/ro\/wp-json\/wp\/v2\/media?parent=1484"}],"curies":[{"name":"wp","href":"https:\/\/api.w.org\/{rel}","templated":true}]}}