{"id":1490,"date":"2023-12-18T09:13:37","date_gmt":"2023-12-18T07:13:37","guid":{"rendered":"http:\/\/assetmanagementcorp.net\/?page_id=1490"},"modified":"2024-01-16T14:47:33","modified_gmt":"2024-01-16T12:47:33","slug":"land-banking","status":"publish","type":"page","link":"https:\/\/assetmanagementcorp.net\/ro\/projects\/land-banking\/","title":{"rendered":"Terenuri"},"content":{"rendered":"<div data-elementor-type=\"wp-page\" data-elementor-id=\"1490\" class=\"elementor elementor-1490\">\n\t\t\t\t\t\t\t<div class=\"elementor-element elementor-element-63cb512 e-con-full e-flex e-con e-parent\" data-id=\"63cb512\" data-element_type=\"container\" data-settings=\"{&quot;content_width&quot;:&quot;full&quot;}\" data-core-v316-plus=\"true\">\n\t\t\t\t<div class=\"elementor-element elementor-element-f1df416 elementor-widget elementor-widget-shortcode\" data-id=\"f1df416\" data-element_type=\"widget\" data-widget_type=\"shortcode.default\">\n\t\t\t\t<div class=\"elementor-widget-container\">\n\t\t\t\t\t<div class=\"elementor-shortcode\">\n\t\t\t<!-- START Land banking redo REVOLUTION SLIDER 6.6.19 --><p class=\"rs-p-wp-fix\"><\/p>\n\t\t\t<rs-module-wrap id=\"rev_slider_107_1_wrapper\" data-source=\"gallery\" style=\"visibility:hidden;background:transparent;padding:0;margin:0px auto;margin-top:0;margin-bottom:0;\">\n\t\t\t\t<rs-module id=\"rev_slider_107_1\" style=\"\" data-version=\"6.6.19\">\n\t\t\t\t\t<rs-slides style=\"overflow: hidden; position: absolute;\">\n\t\t\t\t\t\t<rs-slide style=\"position: absolute;\" data-key=\"rs-243\" data-title=\"Slide\" data-anim=\"p:transparent;\" data-in=\"o:0;\" data-out=\"o:0;\" data-mediafilter=\"xpro2\">\n\t\t\t\t\t\t\t<img fetchpriority=\"high\" decoding=\"async\" src=\"\/\/assetmanagementcorp.net\/wp-content\/plugins\/revslider\/public\/assets\/assets\/dummy.png\" alt=\"\" title=\"Harta The Box (2399 x 1661 px)\" width=\"2399\" height=\"1661\" class=\"rev-slidebg tp-rs-img rs-lazyload\" data-lazyload=\"\/\/assetmanagementcorp.net\/wp-content\/uploads\/2023\/12\/Harta-The-Box-2399-x-1661-px.jpg\" data-parallax=\"5\" data-no-retina>\n<!--\n\t\t\t\t\t\t\t--><rs-layer\n\t\t\t\t\t\t\t\tid=\"slider-107-slide-243-layer-1\" \n\t\t\t\t\t\t\t\tclass=\"tp-shape tp-shapewrapper\"\n\t\t\t\t\t\t\t\tdata-type=\"shape\"\n\t\t\t\t\t\t\t\tdata-rsp_ch=\"on\"\n\t\t\t\t\t\t\t\tdata-xy=\"x:r;xo:31px,31px,30px,20px;y:m,m,t,t;yo:-39px,-39px,30px,20px;\"\n\t\t\t\t\t\t\t\tdata-text=\"fw:100;\"\n\t\t\t\t\t\t\t\tdata-dim=\"w:430px,430px,350px,372px;h:309px,309px,540px,410px;\"\n\t\t\t\t\t\t\t\tdata-frame_0=\"sX:0.9;sY:0.9;\"\n\t\t\t\t\t\t\t\tdata-frame_1=\"e:power4.out;st:500;sp:1400;\"\n\t\t\t\t\t\t\t\tdata-frame_999=\"st:w;sp:1000;auto:true;\"\n\t\t\t\t\t\t\t\tstyle=\"z-index:5;background-color:rgba(255,255,255,1);\"\n\t\t\t\t\t\t\t> \n\t\t\t\t\t\t\t<\/rs-layer><!--\n\n\t\t\t\t\t\t\t--><rs-layer\n\t\t\t\t\t\t\t\tid=\"slider-107-slide-243-layer-2\" \n\t\t\t\t\t\t\t\tclass=\"PostSlider-Title\"\n\t\t\t\t\t\t\t\tdata-type=\"text\"\n\t\t\t\t\t\t\t\tdata-color=\"#ab1f23||#ab1f23||rgba(0,0,0,1)||#ab1f23\"\n\t\t\t\t\t\t\t\tdata-rsp_ch=\"on\"\n\t\t\t\t\t\t\t\tdata-xy=\"x:r;xo:67px,67px,60px,153px;y:m,m,t,t;yo:-94px,-94px,92px,64px;\"\n\t\t\t\t\t\t\t\tdata-text=\"w:normal;s:40,40,30,20;l:40,40,30,20;\"\n\t\t\t\t\t\t\t\tdata-dim=\"w:370px,370px,290px,210px;\"\n\t\t\t\t\t\t\t\tdata-frame_0=\"y:20px;\"\n\t\t\t\t\t\t\t\tdata-frame_1=\"e:power3.out;st:700;sp:500;\"\n\t\t\t\t\t\t\t\tdata-frame_999=\"st:w;sp:1000;auto:true;\"\n\t\t\t\t\t\t\t\tstyle=\"z-index:7;font-family:'Playfair Display';\"\n\t\t\t\t\t\t\t>Portofoliu cu peste 550 de hectare \n\t\t\t\t\t\t\t<\/rs-layer><!--\n\n\t\t\t\t\t\t\t--><rs-layer\n\t\t\t\t\t\t\t\tid=\"slider-107-slide-243-layer-3\" \n\t\t\t\t\t\t\t\tclass=\"PostSlider-Category\"\n\t\t\t\t\t\t\t\tdata-type=\"text\"\n\t\t\t\t\t\t\t\tdata-color=\"rgba(0,0,0,1)\"\n\t\t\t\t\t\t\t\tdata-rsp_ch=\"on\"\n\t\t\t\t\t\t\t\tdata-xy=\"x:r;xo:65px,65px,60px,152px;y:m,m,t,t;yo:-159px,-159px,60px,42px;\"\n\t\t\t\t\t\t\t\tdata-text=\"s:15,15,13,13;l:15,15,13,13;ls:3px;\"\n\t\t\t\t\t\t\t\tdata-dim=\"w:370px,370px,290px,210px;\"\n\t\t\t\t\t\t\t\tdata-frame_0=\"y:20px;\"\n\t\t\t\t\t\t\t\tdata-frame_1=\"e:power3.out;st:600;sp:500;\"\n\t\t\t\t\t\t\t\tdata-frame_999=\"st:w;sp:1000;auto:true;\"\n\t\t\t\t\t\t\t\tstyle=\"z-index:6;font-family:'Playfair Display';\"\n\t\t\t\t\t\t\t>Terenuri  \n\t\t\t\t\t\t\t<\/rs-layer><!--\n\n\t\t\t\t\t\t\t--><rs-layer\n\t\t\t\t\t\t\t\tid=\"slider-107-slide-243-layer-4\" \n\t\t\t\t\t\t\t\tclass=\"PostSlider-Content\"\n\t\t\t\t\t\t\t\tdata-type=\"text\"\n\t\t\t\t\t\t\t\tdata-color=\"rgba(119,119,119,1)\"\n\t\t\t\t\t\t\t\tdata-rsp_ch=\"on\"\n\t\t\t\t\t\t\t\tdata-xy=\"x:r;xo:64px,64px,68px,26px;y:m,m,t,t;yo:24px,24px,135px,95px;\"\n\t\t\t\t\t\t\t\tdata-text=\"w:normal;s:15,15,14,13;l:23,23,21,20;\"\n\t\t\t\t\t\t\t\tdata-dim=\"w:370px,370px,290px,341px;\"\n\t\t\t\t\t\t\t\tdata-frame_0=\"y:20px;\"\n\t\t\t\t\t\t\t\tdata-frame_1=\"e:power3.out;st:800;sp:500;\"\n\t\t\t\t\t\t\t\tdata-frame_999=\"st:w;sp:1000;auto:true;\"\n\t\t\t\t\t\t\t\tstyle=\"z-index:8;font-family:'Playfair Display';\"\n\t\t\t\t\t\t\t>Cu o experien\u021b\u0103 solid\u0103 \u00een land banking, compania are un portofoliu de terenuri de peste 550 de hectare \u00een zona Capitalei \u0219i este \u00een continuare \u00een c\u0103utare de oportunit\u0103\u021bi de achizi\u021bie - pentru a dezvolta viitoare proiecte proprii, dar nu numai. \n\t\t\t\t\t\t\t<\/rs-layer><!--\n-->\t\t\t\t\t\t<\/rs-slide>\n\t\t\t\t\t<\/rs-slides>\n\t\t\t\t<\/rs-module>\n\t\t\t\t<script>\n\t\t\t\t\tsetREVStartSize({c: 'rev_slider_107_1',rl:[1240,1024,778,480],el:[700,600,600,450],gw:[1200,1024,778,480],gh:[700,600,600,450],type:'standard',justify:'',layout:'fullwidth',mh:\"0\"});if (window.RS_MODULES!==undefined && window.RS_MODULES.modules!==undefined && window.RS_MODULES.modules[\"revslider1071\"]!==undefined) {window.RS_MODULES.modules[\"revslider1071\"].once = false;window.revapi107 = undefined;if (window.RS_MODULES.checkMinimal!==undefined) window.RS_MODULES.checkMinimal()}\n\t\t\t\t<\/script>\n\t\t\t<\/rs-module-wrap>\n\t\t\t<!-- END REVOLUTION SLIDER -->\n<\/div>\n\t\t\t\t<\/div>\n\t\t\t\t<\/div>\n\t\t\t\t<\/div>\n\t\t\t\t\t\t\t<\/div>","protected":false},"excerpt":{"rendered":"","protected":false},"author":4,"featured_media":0,"parent":434,"menu_order":0,"comment_status":"closed","ping_status":"closed","template":"","meta":{"footnotes":""},"yoast_head":"<!-- This site is optimized with the Yoast SEO plugin v22.6 - https:\/\/yoast.com\/wordpress\/plugins\/seo\/ -->\n<title>Land Banking - Asset Management Corporation<\/title>\n<meta name=\"robots\" content=\"index, follow, max-snippet:-1, max-image-preview:large, max-video-preview:-1\" \/>\n<link rel=\"canonical\" href=\"https:\/\/assetmanagementcorp.net\/ro\/projects\/land-banking\/\" \/>\n<meta property=\"og:locale\" content=\"ro_RO\" \/>\n<meta property=\"og:type\" content=\"article\" \/>\n<meta property=\"og:title\" content=\"Land Banking - Asset Management Corporation\" \/>\n<meta property=\"og:url\" content=\"https:\/\/assetmanagementcorp.net\/ro\/projects\/land-banking\/\" \/>\n<meta property=\"og:site_name\" content=\"Asset Management Corporation\" \/>\n<meta property=\"article:publisher\" content=\"https:\/\/www.facebook.com\/AssetManagementCorporation\" \/>\n<meta property=\"article:modified_time\" content=\"2024-01-16T12:47:33+00:00\" \/>\n<meta property=\"og:image\" content=\"https:\/\/assetmanagementcorp.net\/wp-content\/uploads\/2023\/12\/amcorpfinal.png\" \/>\n\t<meta property=\"og:image:width\" content=\"3626\" \/>\n\t<meta property=\"og:image:height\" content=\"2598\" \/>\n\t<meta property=\"og:image:type\" content=\"image\/png\" \/>\n<meta name=\"twitter:card\" content=\"summary_large_image\" \/>\n<script type=\"application\/ld+json\" class=\"yoast-schema-graph\">{\"@context\":\"https:\/\/schema.org\",\"@graph\":[{\"@type\":\"WebPage\",\"@id\":\"https:\/\/assetmanagementcorp.net\/projects\/land-banking\/\",\"url\":\"https:\/\/assetmanagementcorp.net\/projects\/land-banking\/\",\"name\":\"Land Banking - Asset Management Corporation\",\"isPartOf\":{\"@id\":\"https:\/\/assetmanagementcorp.net\/#website\"},\"datePublished\":\"2023-12-18T07:13:37+00:00\",\"dateModified\":\"2024-01-16T12:47:33+00:00\",\"breadcrumb\":{\"@id\":\"https:\/\/assetmanagementcorp.net\/projects\/land-banking\/#breadcrumb\"},\"inLanguage\":\"ro-RO\",\"potentialAction\":[{\"@type\":\"ReadAction\",\"target\":[\"https:\/\/assetmanagementcorp.net\/projects\/land-banking\/\"]}]},{\"@type\":\"BreadcrumbList\",\"@id\":\"https:\/\/assetmanagementcorp.net\/projects\/land-banking\/#breadcrumb\",\"itemListElement\":[{\"@type\":\"ListItem\",\"position\":1,\"name\":\"Home\",\"item\":\"https:\/\/assetmanagementcorp.net\/\"},{\"@type\":\"ListItem\",\"position\":2,\"name\":\"Projects\",\"item\":\"https:\/\/assetmanagementcorp.net\/projects\/\"},{\"@type\":\"ListItem\",\"position\":3,\"name\":\"Land Banking\"}]},{\"@type\":\"WebSite\",\"@id\":\"https:\/\/assetmanagementcorp.net\/#website\",\"url\":\"https:\/\/assetmanagementcorp.net\/\",\"name\":\"Asset Management Corporation\",\"description\":\"Enhancing the Future Together\",\"publisher\":{\"@id\":\"https:\/\/assetmanagementcorp.net\/#organization\"},\"alternateName\":\"Amcorp.ro\",\"potentialAction\":[{\"@type\":\"SearchAction\",\"target\":{\"@type\":\"EntryPoint\",\"urlTemplate\":\"https:\/\/assetmanagementcorp.net\/?s={search_term_string}\"},\"query-input\":\"required name=search_term_string\"}],\"inLanguage\":\"ro-RO\"},{\"@type\":\"Organization\",\"@id\":\"https:\/\/assetmanagementcorp.net\/#organization\",\"name\":\"AmCorp\",\"alternateName\":\"Asset Management Corporation\",\"url\":\"https:\/\/assetmanagementcorp.net\/\",\"logo\":{\"@type\":\"ImageObject\",\"inLanguage\":\"ro-RO\",\"@id\":\"https:\/\/assetmanagementcorp.net\/#\/schema\/logo\/image\/\",\"url\":\"https:\/\/assetmanagementcorp.net\/wp-content\/uploads\/2023\/12\/logo.jpg\",\"contentUrl\":\"https:\/\/assetmanagementcorp.net\/wp-content\/uploads\/2023\/12\/logo.jpg\",\"width\":510,\"height\":900,\"caption\":\"AmCorp\"},\"image\":{\"@id\":\"https:\/\/assetmanagementcorp.net\/#\/schema\/logo\/image\/\"},\"sameAs\":[\"https:\/\/www.facebook.com\/AssetManagementCorporation\",\"https:\/\/www.linkedin.com\/company\/38106812\/\"]}]}<\/script>\n<!-- \/ Yoast SEO plugin. -->","yoast_head_json":{"title":"Land Banking - Asset Management Corporation","robots":{"index":"index","follow":"follow","max-snippet":"max-snippet:-1","max-image-preview":"max-image-preview:large","max-video-preview":"max-video-preview:-1"},"canonical":"https:\/\/assetmanagementcorp.net\/ro\/projects\/land-banking\/","og_locale":"ro_RO","og_type":"article","og_title":"Land Banking - Asset Management Corporation","og_url":"https:\/\/assetmanagementcorp.net\/ro\/projects\/land-banking\/","og_site_name":"Asset Management Corporation","article_publisher":"https:\/\/www.facebook.com\/AssetManagementCorporation","article_modified_time":"2024-01-16T12:47:33+00:00","og_image":[{"width":3626,"height":2598,"url":"https:\/\/assetmanagementcorp.net\/wp-content\/uploads\/2023\/12\/amcorpfinal.png","type":"image\/png"}],"twitter_card":"summary_large_image","schema":{"@context":"https:\/\/schema.org","@graph":[{"@type":"WebPage","@id":"https:\/\/assetmanagementcorp.net\/projects\/land-banking\/","url":"https:\/\/assetmanagementcorp.net\/projects\/land-banking\/","name":"Land Banking - Asset Management Corporation","isPartOf":{"@id":"https:\/\/assetmanagementcorp.net\/#website"},"datePublished":"2023-12-18T07:13:37+00:00","dateModified":"2024-01-16T12:47:33+00:00","breadcrumb":{"@id":"https:\/\/assetmanagementcorp.net\/projects\/land-banking\/#breadcrumb"},"inLanguage":"ro-RO","potentialAction":[{"@type":"ReadAction","target":["https:\/\/assetmanagementcorp.net\/projects\/land-banking\/"]}]},{"@type":"BreadcrumbList","@id":"https:\/\/assetmanagementcorp.net\/projects\/land-banking\/#breadcrumb","itemListElement":[{"@type":"ListItem","position":1,"name":"Home","item":"https:\/\/assetmanagementcorp.net\/"},{"@type":"ListItem","position":2,"name":"Projects","item":"https:\/\/assetmanagementcorp.net\/projects\/"},{"@type":"ListItem","position":3,"name":"Land Banking"}]},{"@type":"WebSite","@id":"https:\/\/assetmanagementcorp.net\/#website","url":"https:\/\/assetmanagementcorp.net\/","name":"Asset Management Corporation","description":"Enhancing the Future Together","publisher":{"@id":"https:\/\/assetmanagementcorp.net\/#organization"},"alternateName":"Amcorp.ro","potentialAction":[{"@type":"SearchAction","target":{"@type":"EntryPoint","urlTemplate":"https:\/\/assetmanagementcorp.net\/?s={search_term_string}"},"query-input":"required name=search_term_string"}],"inLanguage":"ro-RO"},{"@type":"Organization","@id":"https:\/\/assetmanagementcorp.net\/#organization","name":"AmCorp","alternateName":"Asset Management Corporation","url":"https:\/\/assetmanagementcorp.net\/","logo":{"@type":"ImageObject","inLanguage":"ro-RO","@id":"https:\/\/assetmanagementcorp.net\/#\/schema\/logo\/image\/","url":"https:\/\/assetmanagementcorp.net\/wp-content\/uploads\/2023\/12\/logo.jpg","contentUrl":"https:\/\/assetmanagementcorp.net\/wp-content\/uploads\/2023\/12\/logo.jpg","width":510,"height":900,"caption":"AmCorp"},"image":{"@id":"https:\/\/assetmanagementcorp.net\/#\/schema\/logo\/image\/"},"sameAs":["https:\/\/www.facebook.com\/AssetManagementCorporation","https:\/\/www.linkedin.com\/company\/38106812\/"]}]}},"_links":{"self":[{"href":"https:\/\/assetmanagementcorp.net\/ro\/wp-json\/wp\/v2\/pages\/1490"}],"collection":[{"href":"https:\/\/assetmanagementcorp.net\/ro\/wp-json\/wp\/v2\/pages"}],"about":[{"href":"https:\/\/assetmanagementcorp.net\/ro\/wp-json\/wp\/v2\/types\/page"}],"author":[{"embeddable":true,"href":"https:\/\/assetmanagementcorp.net\/ro\/wp-json\/wp\/v2\/users\/4"}],"replies":[{"embeddable":true,"href":"https:\/\/assetmanagementcorp.net\/ro\/wp-json\/wp\/v2\/comments?post=1490"}],"version-history":[{"count":19,"href":"https:\/\/assetmanagementcorp.net\/ro\/wp-json\/wp\/v2\/pages\/1490\/revisions"}],"predecessor-version":[{"id":3114,"href":"https:\/\/assetmanagementcorp.net\/ro\/wp-json\/wp\/v2\/pages\/1490\/revisions\/3114"}],"up":[{"embeddable":true,"href":"https:\/\/assetmanagementcorp.net\/ro\/wp-json\/wp\/v2\/pages\/434"}],"wp:attachment":[{"href":"https:\/\/assetmanagementcorp.net\/ro\/wp-json\/wp\/v2\/media?parent=1490"}],"curies":[{"name":"wp","href":"https:\/\/api.w.org\/{rel}","templated":true}]}}